{"id":1340,"date":"2025-05-15T15:30:56","date_gmt":"2025-05-15T15:30:56","guid":{"rendered":"https:\/\/pipc.phenikaa-uni.edu.vn\/?page_id=1340"},"modified":"2025-10-17T08:09:20","modified_gmt":"2025-10-17T08:09:20","slug":"registration","status":"publish","type":"page","link":"https:\/\/pipc.phenikaa-uni.edu.vn\/?page_id=1340","title":{"rendered":"Registration and Abstract Submission"},"content":{"rendered":"\n<h3 class=\"wp-block-heading has-medium-font-size\"><mark style=\"background-color:rgba(0, 0, 0, 0)\" class=\"has-inline-color has-black-color\">How to register for the conference and submit your abstract<\/mark><\/h3>\n\n\n\n<p>To participate in PIPC 2025, please fill out our registration form: <a href=\"https:\/\/docs.google.com\/uc?export=download&amp;id=1ciqKAIvZOhpy6DSX0Z5wXYXAWjBdN8WK\" data-type=\"link\" data-id=\"https:\/\/docs.google.com\/uc?export=download&amp;id=1ciqKAIvZOhpy6DSX0Z5wXYXAWjBdN8WK\">PIPC Registration Form.docx<\/a>. If you wish to present your work at the conference, please use the following file for abstract submission: <a href=\"https:\/\/docs.google.com\/uc?export=download&amp;id=1xEwYF1YOSQYKoUK3szPmKCpJVpGo8LFe\" data-type=\"link\" data-id=\"https:\/\/docs.google.com\/uc?export=download&amp;id=1xEwYF1YOSQYKoUK3szPmKCpJVpGo8LFe\">PIPC Abstract Submission.docx<\/a>. Abstract submission is optional \u2014 you are still able to attend the conference without submitting an abstract.<\/p>\n\n\n\n<p>After filling in the information, you need to send the Word files above to our email at <a href=\"mailto:pipc2025@phenikaa-uni.edu.vn\"><mark style=\"background-color:rgba(0, 0, 0, 0)\" class=\"has-inline-color has-vivid-cyan-blue-color\">pipc2025@phenikaa-uni.edu.vn<\/mark><\/a>. The subject line should be &#8220;PIPC2025 Your name&#8221;. We will check your information and send you a confirmation within two days. <\/p>\n\n\n\n<ul class=\"wp-block-list\">\n<li>Abstract submission: <strong>August 15, 2025<\/strong> (<mark style=\"background-color:rgba(0, 0, 0, 0)\" class=\"has-inline-color has-vivid-red-color\">extended to <strong> September 15, 2025<\/strong><\/mark>)<\/li>\n\n\n\n<li>Registration for participants: <strong>September 15, 2025<\/strong>.<\/li>\n<\/ul>\n\n\n\n<p><\/p>\n\n\n\n<p><em><strong>Full paper submission is not required before the conference.<\/strong><\/em><\/p>\n\n\n\n<h3 class=\"wp-block-heading has-medium-font-size\">Registration fee<\/h3>\n\n\n\n<figure class=\"wp-block-table\"><table class=\"has-fixed-layout\"><tbody><tr><td><strong>Category<\/strong><\/td><td><strong>Before September 15<\/strong><\/td><td><strong>After September 15<\/strong><\/td><\/tr><tr><td>Regular participants<\/td><td>1,500,000 VND (60 USD)<\/td><td>2,000,000 VND (80 USD)<\/td><\/tr><tr><td>Student*<\/td><td>800,000 VND (30 USD)<\/td><td>800,000 VND (30 USD)<\/td><\/tr><\/tbody><\/table><\/figure>\n\n\n\n<p><em>*Student registration rates are available exclusively to undergraduate and graduate students, who hold valid student IDs at the time of the conference.<\/em><\/p>\n\n\n\n<p>*<strong>Note:<\/strong> <em><strong>Plenary and keynote speakers, session chairs, organizing committee, sponsors, and remote participants are exempt from the registration fee.<\/strong><\/em><\/p>\n\n\n\n<h3 class=\"wp-block-heading has-medium-font-size\">What the Registration Fee Covers<\/h3>\n\n\n\n<ul class=\"wp-block-list\">\n<li>Full access to the conference (plenary and parallel sessions)<\/li>\n\n\n\n<li>Conference materials: a name badge, conference program, abstract book, and certification of participation <\/li>\n\n\n\n<li>Coffee breaks and luncheon<\/li>\n\n\n\n<li>Gala dinner<\/li>\n<\/ul>\n\n\n\n<p><strong>Note:<\/strong> Proceedings fee is NOT included in the registration fee.<\/p>\n\n\n\n<h3 class=\"wp-block-heading has-medium-font-size\">Methods of Payments<\/h3>\n\n\n\n<p>If you pay in VND, please transfer the registration fee to the following bank account:<\/p>\n\n\n\n<ul class=\"wp-block-list\">\n<li>TR\u01af\u1edcNG \u0110\u1ea0I H\u1eccC PHENIKAA<\/li>\n\n\n\n<li>Name of bank: Ng\u00e2n h\u00e0ng TMCP Qu\u00e2n \u0111\u1ed9i<\/li>\n\n\n\n<li>Name of bank branch: Chi nh\u00e1nh Ho\u00e0ng Qu\u1ed1c Vi\u1ec7t<\/li>\n\n\n\n<li>Number of bank account: 0031100678007<\/li>\n<\/ul>\n\n\n\n<p><\/p>\n\n\n\n<p>If you pay in USD, please transfer the registration fee to the following bank account:<\/p>\n\n\n\n<ul class=\"wp-block-list\">\n<li>PHENIKAA UNIVERSITY<\/li>\n\n\n\n<li>Name of bank: Military Commercial Joint Stock Bank<\/li>\n\n\n\n<li>Name of bank branch: Hoang Quoc Viet Branch<\/li>\n\n\n\n<li>Full address of bank, including city\/town postal code: No. 126 Hoang Quoc Viet Street, Cau Giay District, Hanoi, Vietnam<\/li>\n\n\n\n<li>Number of bank account: 0031100679003<\/li>\n\n\n\n<li>Postal code of city\/town: 100000<\/li>\n\n\n\n<li>IBAN code of bank account (for countries where applicable):<\/li>\n\n\n\n<li>SWIFT code of bank: MSCBVNVX<\/li>\n<\/ul>\n\n\n\n<p><\/p>\n\n\n\n<p><strong>Please remember to write a transfer title: &lt;Your Name&gt;&lt;Your ID number&gt;&lt;REG.PIPC25&gt;<\/strong><\/p>\n\n\n\n<h3 class=\"wp-block-heading has-medium-font-size\">Refunds\/Cancellation Fee:<\/h3>\n\n\n\n<p class=\"has-medium-font-size\">Requests for a full refund must be submitted in writing by <strong>September 15, 2025<\/strong>. No refunds will be issued after this date.<\/p>\n\n\n\n<p><\/p>\n","protected":false},"excerpt":{"rendered":"<p>How to register for the conference and submit your abstract To participate in PIPC 2025, please fill out our registration form: PIPC Registration Form.docx. If you wish to present your work at the conference, please use the following file for abstract submission: PIPC Abstract Submission.docx. Abstract submission is optional \u2014 you are still able to &hellip; <\/p>\n","protected":false},"author":3,"featured_media":0,"parent":0,"menu_order":0,"comment_status":"closed","ping_status":"closed","template":"","meta":{"footnotes":""},"class_list":["post-1340","page","type-page","status-publish","hentry"],"_links":{"self":[{"href":"https:\/\/pipc.phenikaa-uni.edu.vn\/index.php?rest_route=\/wp\/v2\/pages\/1340","targetHints":{"allow":["GET"]}}],"collection":[{"href":"https:\/\/pipc.phenikaa-uni.edu.vn\/index.php?rest_route=\/wp\/v2\/pages"}],"about":[{"href":"https:\/\/pipc.phenikaa-uni.edu.vn\/index.php?rest_route=\/wp\/v2\/types\/page"}],"author":[{"embeddable":true,"href":"https:\/\/pipc.phenikaa-uni.edu.vn\/index.php?rest_route=\/wp\/v2\/users\/3"}],"replies":[{"embeddable":true,"href":"https:\/\/pipc.phenikaa-uni.edu.vn\/index.php?rest_route=%2Fwp%2Fv2%2Fcomments&post=1340"}],"version-history":[{"count":40,"href":"https:\/\/pipc.phenikaa-uni.edu.vn\/index.php?rest_route=\/wp\/v2\/pages\/1340\/revisions"}],"predecessor-version":[{"id":2096,"href":"https:\/\/pipc.phenikaa-uni.edu.vn\/index.php?rest_route=\/wp\/v2\/pages\/1340\/revisions\/2096"}],"wp:attachment":[{"href":"https:\/\/pipc.phenikaa-uni.edu.vn\/index.php?rest_route=%2Fwp%2Fv2%2Fmedia&parent=1340"}],"curies":[{"name":"wp","href":"https:\/\/api.w.org\/{rel}","templated":true}]}}