{"id":157,"date":"2025-01-22T14:36:19","date_gmt":"2025-01-22T14:36:19","guid":{"rendered":"http:\/\/pipc.phenikaa-uni.edu.vn\/?page_id=157"},"modified":"2025-10-11T07:50:11","modified_gmt":"2025-10-11T07:50:11","slug":"venue","status":"publish","type":"page","link":"https:\/\/pipc.phenikaa-uni.edu.vn\/?page_id=157","title":{"rendered":"Dates and venue"},"content":{"rendered":"\n<h2 class=\"wp-block-heading\"><mark style=\"background-color:rgba(0, 0, 0, 0)\" class=\"has-inline-color has-vivid-cyan-blue-color\">Important dates<\/mark><\/h2>\n\n\n\n<ul class=\"wp-block-list\">\n<li class=\"has-medium-font-size\">Abstract submission:&nbsp; <strong>August 15, 2025<\/strong><\/li>\n\n\n\n<li class=\"has-medium-font-size\">Abstract acceptance notification:&nbsp; <strong>August 31, 2025<\/strong><\/li>\n\n\n\n<li class=\"has-medium-font-size\">Registration:&nbsp; <strong>August 31, 2025<\/strong><\/li>\n<\/ul>\n\n\n\n<h2 class=\"wp-block-heading\"><mark style=\"background-color:rgba(0, 0, 0, 0)\" class=\"has-inline-color has-vivid-cyan-blue-color\">Conference dates<\/mark><\/h2>\n\n\n\n<ul class=\"wp-block-list\">\n<li class=\"has-medium-font-size\"><strong>Octorber 13-15, 2025<\/strong><\/li>\n<\/ul>\n\n\n\n<h2 class=\"wp-block-heading\"><mark style=\"background-color:rgba(0, 0, 0, 0)\" class=\"has-inline-color has-vivid-cyan-blue-color\">Conference venue<\/mark><\/h2>\n\n\n\n<p class=\"has-medium-font-size\"><strong>Phenikaa University, Y\u00ean Ngh\u0129a, H\u00e0 \u0110\u00f4ng, H\u00e0 N\u1ed9i<\/strong><\/p>\n\n\n\n<figure class=\"wp-block-image size-large\"><img loading=\"lazy\" decoding=\"async\" width=\"1024\" height=\"1024\" src=\"http:\/\/pipc.phenikaa-uni.edu.vn\/wp-content\/uploads\/2025\/01\/FB_IMG_1737608841415-1024x1024.jpg\" alt=\"\" class=\"wp-image-1045\" srcset=\"https:\/\/pipc.phenikaa-uni.edu.vn\/wp-content\/uploads\/2025\/01\/FB_IMG_1737608841415-1024x1024.jpg 1024w, https:\/\/pipc.phenikaa-uni.edu.vn\/wp-content\/uploads\/2025\/01\/FB_IMG_1737608841415-300x300.jpg 300w, https:\/\/pipc.phenikaa-uni.edu.vn\/wp-content\/uploads\/2025\/01\/FB_IMG_1737608841415-150x150.jpg 150w, https:\/\/pipc.phenikaa-uni.edu.vn\/wp-content\/uploads\/2025\/01\/FB_IMG_1737608841415-768x768.jpg 768w, https:\/\/pipc.phenikaa-uni.edu.vn\/wp-content\/uploads\/2025\/01\/FB_IMG_1737608841415-470x470.jpg 470w, https:\/\/pipc.phenikaa-uni.edu.vn\/wp-content\/uploads\/2025\/01\/FB_IMG_1737608841415.jpg 1080w\" sizes=\"auto, (max-width: 1024px) 100vw, 1024px\" \/><\/figure>\n\n\n\n<figure class=\"wp-block-image size-large\"><img loading=\"lazy\" decoding=\"async\" width=\"1024\" height=\"724\" src=\"https:\/\/pipc.phenikaa-uni.edu.vn\/wp-content\/uploads\/2025\/10\/Overview-1024x724.jpg\" alt=\"\" class=\"wp-image-2041\" srcset=\"https:\/\/pipc.phenikaa-uni.edu.vn\/wp-content\/uploads\/2025\/10\/Overview-1024x724.jpg 1024w, https:\/\/pipc.phenikaa-uni.edu.vn\/wp-content\/uploads\/2025\/10\/Overview-300x212.jpg 300w, https:\/\/pipc.phenikaa-uni.edu.vn\/wp-content\/uploads\/2025\/10\/Overview-768x543.jpg 768w, https:\/\/pipc.phenikaa-uni.edu.vn\/wp-content\/uploads\/2025\/10\/Overview-1536x1087.jpg 1536w, https:\/\/pipc.phenikaa-uni.edu.vn\/wp-content\/uploads\/2025\/10\/Overview-2048x1449.jpg 2048w\" sizes=\"auto, (max-width: 1024px) 100vw, 1024px\" \/><\/figure>\n\n\n\n<figure class=\"wp-block-image size-large\"><img decoding=\"async\" src=\"http:\/\/pipc.phenikaa-uni.edu.vn\/wp-content\/uploads\/2025\/01\/PhenikaaUni-1024x768.jpg\" alt=\"\" class=\"wp-image-162\"\/><\/figure>\n\n\n\n<iframe src=\"https:\/\/www.google.com\/maps\/embed?pb=!1m18!1m12!1m3!1d3725.7484136612698!2d105.7461114747127!3d20.962616190048152!2m3!1f0!2f0!3f0!3m2!1i1024!2i768!4f13.1!3m3!1m2!1s0x313452efff394ce3%3A0x391a39d4325be464!2zVHLGsOG7nW5nIMSQ4bqhaSBI4buNYyBQaGVuaWthYQ!5e0!3m2!1svi!2s!4v1737547085020!5m2!1svi!2s\" width=\"100%\" height=\"450\" style=\"border:0;\" allowfullscreen=\"\" loading=\"lazy\" referrerpolicy=\"no-referrer-when-downgrade\"><\/iframe>\n","protected":false},"excerpt":{"rendered":"<p>Important dates Conference dates Conference venue Phenikaa University, Y\u00ean Ngh\u0129a, H\u00e0 \u0110\u00f4ng, H\u00e0 N\u1ed9i<\/p>\n","protected":false},"author":1,"featured_media":0,"parent":0,"menu_order":0,"comment_status":"closed","ping_status":"closed","template":"","meta":{"footnotes":""},"class_list":["post-157","page","type-page","status-publish","hentry"],"_links":{"self":[{"href":"https:\/\/pipc.phenikaa-uni.edu.vn\/index.php?rest_route=\/wp\/v2\/pages\/157","targetHints":{"allow":["GET"]}}],"collection":[{"href":"https:\/\/pipc.phenikaa-uni.edu.vn\/index.php?rest_route=\/wp\/v2\/pages"}],"about":[{"href":"https:\/\/pipc.phenikaa-uni.edu.vn\/index.php?rest_route=\/wp\/v2\/types\/page"}],"author":[{"embeddable":true,"href":"https:\/\/pipc.phenikaa-uni.edu.vn\/index.php?rest_route=\/wp\/v2\/users\/1"}],"replies":[{"embeddable":true,"href":"https:\/\/pipc.phenikaa-uni.edu.vn\/index.php?rest_route=%2Fwp%2Fv2%2Fcomments&post=157"}],"version-history":[{"count":11,"href":"https:\/\/pipc.phenikaa-uni.edu.vn\/index.php?rest_route=\/wp\/v2\/pages\/157\/revisions"}],"predecessor-version":[{"id":2042,"href":"https:\/\/pipc.phenikaa-uni.edu.vn\/index.php?rest_route=\/wp\/v2\/pages\/157\/revisions\/2042"}],"wp:attachment":[{"href":"https:\/\/pipc.phenikaa-uni.edu.vn\/index.php?rest_route=%2Fwp%2Fv2%2Fmedia&parent=157"}],"curies":[{"name":"wp","href":"https:\/\/api.w.org\/{rel}","templated":true}]}}