{"id":43,"date":"2025-01-22T10:42:11","date_gmt":"2025-01-22T10:42:11","guid":{"rendered":"http:\/\/pipc.phenikaa-uni.edu.vn\/?page_id=43"},"modified":"2025-10-07T01:28:13","modified_gmt":"2025-10-07T01:28:13","slug":"committees","status":"publish","type":"page","link":"https:\/\/pipc.phenikaa-uni.edu.vn\/?page_id=43","title":{"rendered":"Organizers"},"content":{"rendered":"\n<h1 class=\"wp-block-heading has-large-font-size\">The PIPC2025 conference is organized by Phenikaa University and co-organized by NYCU Institute of Physics and Vietnam Physical Society.<\/h1>\n\n\n\n<p class=\"has-vivid-cyan-blue-color has-text-color has-link-color has-large-font-size wp-elements-9d429a7c37ca69a3f6122b3df28c50ca\"><strong>International committee:&nbsp;&nbsp;<\/strong><\/p>\n\n\n\n<div class=\"wp-block-group\"><div class=\"wp-block-group__inner-container is-layout-constrained wp-block-group-is-layout-constrained\">\n<p class=\"has-medium-font-size\">Assoc. Prof. H\u1ed3 Xu\u00e2n N\u0103ng, Phenikaa University<\/p>\n\n\n\n<p class=\"has-medium-font-size\">Prof. Ph\u1ea1m Th\u00e0nh Huy, Phenikaa University<\/p>\n\n\n\n<p class=\"has-medium-font-size\">Prof. Misao Sasaki, The University of Tokyo, Japan<\/p>\n\n\n\n<p class=\"has-medium-font-size\">Prof. Imre P\u00e1zsit, Chalmers University of Technology, Sweden<\/p>\n\n\n\n<p class=\"has-medium-font-size\">Prof. Margarete M\u00fchlleitner, Karlsruhe Institute of Technology, Germany<\/p>\n\n\n\n<p class=\"has-medium-font-size\">Prof. Kuan-Neng Chen, International College of Semiconductor Technology, Institute of Electronics, and Institute of Physics, National Yang Ming Chiao Tung University, Taiwan<\/p>\n<\/div><\/div>\n\n\n\n<p class=\"has-vivid-cyan-blue-color has-text-color has-link-color has-large-font-size wp-elements-caa40659f8b0ded0dd68955dca324bad\"><strong>Local committee:<\/strong><\/p>\n\n\n\n<div class=\"wp-block-group\"><div class=\"wp-block-group__inner-container is-layout-constrained wp-block-group-is-layout-constrained\">\n<p class=\"has-medium-font-size\">Prof. Ph\u1ea1m Th\u00e0nh Huy, Phenikaa University<\/p>\n\n\n\n<p class=\"has-medium-font-size\">Prof. Nguy\u1ec5n V\u0103n Hi\u1ebfu, Phenikaa University<\/p>\n\n\n\n<p class=\"has-medium-font-size\">Prof. Ph\u00f9ng V\u0103n \u0110\u1ed3ng, PIAS &#8211; Phenikaa University<\/p>\n\n\n\n<p class=\"has-medium-font-size\">Prof. Nguy\u1ec5n Quang Li\u00eam, Vietnam Physical Society<\/p>\n\n\n\n<p class=\"has-medium-font-size\">Assoc. Prof. Ph\u1ea1m Ng\u1ecdc \u0110i\u1ec7p, Vietnam Academy of Science and Technology<\/p>\n\n\n\n<p class=\"has-medium-font-size\">Prof. V\u0169 V\u0103n Tr\u01b0\u1eddng, Department of Science and Technology &#8211; Phenikaa University<\/p>\n<\/div><\/div>\n\n\n\n<p class=\"has-vivid-cyan-blue-color has-text-color has-link-color has-large-font-size wp-elements-8beb8c30e0b8319e9b6219f50b82b2c8\"><strong>Local Organizers:<\/strong><\/p>\n\n\n\n<div class=\"wp-block-group\"><div class=\"wp-block-group__inner-container is-layout-constrained wp-block-group-is-layout-constrained\">\n<p class=\"has-medium-font-size\">Prof. Ph\u1ea1m Th\u00e0nh Huy, Phenikaa University<\/p>\n\n\n\n<p class=\"has-medium-font-size\">Prof. Nguy\u1ec5n V\u0103n Hi\u1ebfu, Phenikaa University<\/p>\n\n\n\n<p class=\"has-medium-font-size\">Prof. Ph\u00f9ng V\u0103n \u0110\u1ed3ng, PIAS &#8211; Phenikaa University<\/p>\n\n\n\n<p class=\"has-medium-font-size\">Prof. Tr\u1ea7n Ho\u00e0i Nam, PIAS &#8211; Phenikaa University<\/p>\n\n\n\n<p class=\"has-medium-font-size\">Prof. Nguy\u1ec5n H\u1eefu L\u00e2m &#8211; Hanoi University of Science and Technology&nbsp;<\/p>\n\n\n\n<p class=\"has-medium-font-size\">Dr. Nguy\u1ec5n Qu\u1ed1c H\u01b0ng &#8211; Vietnam National University, Hanoi&nbsp;<\/p>\n\n\n\n<p class=\"has-medium-font-size\">Assoc. Prof. \u0110\u1ed7 Qu\u1ed1c Tu\u1ea5n, PIAS &#8211; Phenikaa University<\/p>\n\n\n\n<p class=\"has-medium-font-size\">Assoc. Prof. V\u0169 Ng\u1ecdc H\u1ea3i, Department of Science and Technology &#8211; Phenikaa University<\/p>\n\n\n\n<p class=\"has-medium-font-size\">Assoc. Prof. Nguy\u1ec5n \u0110\u1ee9c Trung Ki\u00ean, Department of Science and Technology &#8211; Phenikaa University<\/p>\n\n\n\n<p class=\"has-medium-font-size\">Assoc. Prof. Nguy\u1ec5n Qu\u1ef3nh Lan, PIAS &#8211; Phenikaa University<\/p>\n\n\n\n<p class=\"has-medium-font-size\">Assoc. Prof. Nguy\u1ec5n Ng\u1ecdc Anh, PIAS &#8211; Phenikaa University<\/p>\n\n\n\n<p class=\"has-medium-font-size\">Assoc. Prof. L\u00ea \u0110\u1ee9c Ninh, PIAS &#8211; Phenikaa University<\/p>\n\n\n\n<p class=\"has-medium-font-size\">Assoc. Prof. \u0110\u00e0o V\u0103n D\u01b0\u01a1ng, Phenikaa University<\/p>\n\n\n\n<p class=\"has-medium-font-size\">Assoc. Prof. Ph\u1ea1m Ti\u1ebfn L\u00e2m, Phenikaa University<\/p>\n\n\n\n<p class=\"has-medium-font-size\">Dr. B\u00f9i V\u0103n H\u00e0o, Phenikaa University<\/p>\n\n\n\n<p class=\"has-medium-font-size\">Dr. Nguy\u1ec5n Vi\u1ebft H\u01b0\u01a1ng, Phenikaa University<\/p>\n\n\n\n<p class=\"has-medium-font-size\">Dr. \u0110\u1eb7ng Th\u1ebf H\u00f9ng, Phenikaa University<\/p>\n\n\n\n<p class=\"has-medium-font-size\">Assoc. Prof. D\u01b0\u01a1ng Anh Tu\u1ea5n, Human Resources Department &#8211; Phenikaa University<\/p>\n\n\n\n<p class=\"has-medium-font-size\">Ms. Nguy\u1ec5n Th\u1ecb Ph\u01b0\u01a1ng Anh, Finance and Accounting Office &#8211; Phenikaa University<\/p>\n\n\n\n<p class=\"has-medium-font-size\">Dr. Nguy\u1ec5n Qu\u1ed1c \u0110\u1ecbnh, Foreign Cooperation Department &#8211; Phenikaa University<\/p>\n\n\n\n<p class=\"has-medium-font-size\">Dr. L\u00ea Ho\u00e0ng Anh, Center of Information Technology &#8211; Phenikaa University<\/p>\n\n\n\n<p class=\"has-medium-font-size\">Ms. Nguy\u1ec5n B\u00edch H\u1eb1ng, Admissions and Communications Office &#8211; Phenikaa University<\/p>\n\n\n\n<p class=\"has-medium-font-size\">Mr. Tri\u1ec7u Minh \u0110\u1ee9c, General Administration Office &#8211; Phenikaa University<\/p>\n\n\n\n<p class=\"has-medium-font-size\">Ms. Nguy\u1ec5n Th\u1ecb Mai Loan, Equipment Management Office &#8211; Phenikaa University<\/p>\n\n\n\n<p class=\"has-medium-font-size\">Dr. \u0110\u00e0o Th\u1ecb Nhung, PIAS &#8211; Phenikaa University<\/p>\n\n\n\n<p class=\"has-medium-font-size\">Dr. D\u01b0\u01a1ng V\u0103n L\u1ee3i, PIAS &#8211; Phenikaa University<\/p>\n\n\n\n<p class=\"has-medium-font-size\">Dr. Tr\u1ea7n Ng\u1ecdc H\u01b0ng, PIAS &#8211; Phenikaa University<\/p>\n\n\n\n<p class=\"has-vivid-cyan-blue-color has-text-color has-link-color has-large-font-size wp-elements-c239e664d2a72694663f342999bf49de\"><strong>Secretariat:<\/strong><\/p>\n<\/div><\/div>\n\n\n\n<div class=\"wp-block-group has-medium-font-size\"><div class=\"wp-block-group__inner-container is-layout-constrained wp-block-group-is-layout-constrained\">\n<p class=\"has-medium-font-size\">Ph\u1ea1m Thu Hi\u1ec1n, Department of Science and Technology &#8211; Phenikaa University (hien.phamthu@phenikaa-uni.edu.vn)<\/p>\n\n\n\n<p class=\"has-medium-font-size\">Tr\u1ea7n \u0110\u00ecnh C\u01b0\u1eddng, PIAS &#8211; Phenikaa University (cuong.trandinh@phenikaa-uni.edu.vn)<\/p>\n\n\n\n<p class=\"has-medium-font-size\">Conference email: pipc2025@phenikaa-uni.edu.vn<\/p>\n<\/div><\/div>\n","protected":false},"excerpt":{"rendered":"<p>The PIPC2025 conference is organized by Phenikaa University and co-organized by NYCU Institute of Physics and Vietnam Physical Society. International committee:&nbsp;&nbsp; Assoc. Prof. H\u1ed3 Xu\u00e2n N\u0103ng, Phenikaa University Prof. Ph\u1ea1m Th\u00e0nh Huy, Phenikaa University Prof. Misao Sasaki, The University of Tokyo, Japan Prof. Imre P\u00e1zsit, Chalmers University of Technology, Sweden Prof. Margarete M\u00fchlleitner, Karlsruhe Institute &hellip; <\/p>\n","protected":false},"author":1,"featured_media":0,"parent":0,"menu_order":0,"comment_status":"closed","ping_status":"closed","template":"","meta":{"footnotes":""},"class_list":["post-43","page","type-page","status-publish","hentry"],"_links":{"self":[{"href":"https:\/\/pipc.phenikaa-uni.edu.vn\/index.php?rest_route=\/wp\/v2\/pages\/43","targetHints":{"allow":["GET"]}}],"collection":[{"href":"https:\/\/pipc.phenikaa-uni.edu.vn\/index.php?rest_route=\/wp\/v2\/pages"}],"about":[{"href":"https:\/\/pipc.phenikaa-uni.edu.vn\/index.php?rest_route=\/wp\/v2\/types\/page"}],"author":[{"embeddable":true,"href":"https:\/\/pipc.phenikaa-uni.edu.vn\/index.php?rest_route=\/wp\/v2\/users\/1"}],"replies":[{"embeddable":true,"href":"https:\/\/pipc.phenikaa-uni.edu.vn\/index.php?rest_route=%2Fwp%2Fv2%2Fcomments&post=43"}],"version-history":[{"count":58,"href":"https:\/\/pipc.phenikaa-uni.edu.vn\/index.php?rest_route=\/wp\/v2\/pages\/43\/revisions"}],"predecessor-version":[{"id":2027,"href":"https:\/\/pipc.phenikaa-uni.edu.vn\/index.php?rest_route=\/wp\/v2\/pages\/43\/revisions\/2027"}],"wp:attachment":[{"href":"https:\/\/pipc.phenikaa-uni.edu.vn\/index.php?rest_route=%2Fwp%2Fv2%2Fmedia&parent=43"}],"curies":[{"name":"wp","href":"https:\/\/api.w.org\/{rel}","templated":true}]}}